{"id":24327,"date":"2017-01-04T13:33:58","date_gmt":"2017-01-04T13:33:58","guid":{"rendered":"http:\/\/www.thrakon.gr\/?page_id=24327\/"},"modified":"2017-01-04T13:33:58","modified_gmt":"2017-01-04T13:33:58","slug":"viziune-si-misiunea-companiei","status":"publish","type":"page","link":"https:\/\/www.thrakon.gr\/ro\/viziune-si-misiunea-companiei\/","title":{"rendered":"Viziune \u0219i misiunea companiei"},"content":{"rendered":"<p style=\"text-align: left;\"><strong><a href=\"http:\/\/www.thrakon.gr\/wp-content\/uploads\/2015\/11\/100_1364.jpg\"><img decoding=\"async\" loading=\"lazy\" class=\" wp-image-7107 alignright\" src=\"http:\/\/www.thrakon.gr\/wp-content\/uploads\/2015\/11\/100_1364-e1447923377138-765x1024.jpg\" alt=\"100_1364\" width=\"212\" height=\"284\" srcset=\"https:\/\/www.thrakon.gr\/wp-content\/uploads\/2015\/11\/100_1364-e1447923377138-765x1024.jpg 765w, https:\/\/www.thrakon.gr\/wp-content\/uploads\/2015\/11\/100_1364-e1447923377138-224x300.jpg 224w, https:\/\/www.thrakon.gr\/wp-content\/uploads\/2015\/11\/100_1364-e1447923377138-209x280.jpg 209w, https:\/\/www.thrakon.gr\/wp-content\/uploads\/2015\/11\/100_1364-e1447923377138.jpg 1430w\" sizes=\"(max-width: 212px) 100vw, 212px\" \/><\/a>VIZIUNEA<\/strong><\/p>\n<p><em>&#8222;S\u0103 fim unul dintre cei mai mari produc\u0103tori de mortare, vopsele \u0219i r\u0103\u0219ini chimice din Grecia \u0219i din Balcani&#8221;\/em><\/p>\n<p><strong>MISIUNEA<\/strong><\/p>\n<p><em>&#8222;S\u0103 oferim un pachet complet de mortare uscate, eficiente \u0219i rentabile, \u00eenso\u021bite de suport tehnic util \u0219i un excelent serviciu de rela\u021bii cu clien\u021bii&#8221;<\/em><\/p>\n<p><strong>DECLARA\u021aIE PRIVIND VALORILE COMPANIEI<\/strong><\/p>\n<p><span style=\"text-decoration: underline;\">Calitate<\/span><\/p>\n<ul>\n<li>Oferim produse, servicii \u0219i solu\u021bii de cea mai \u00eenalt\u0103 calitate, cu valoare pentru clien\u021bii no\u0219tri.<\/li>\n<li>Ac\u021bion\u0103m cu integritate \u0219i respect, iar oamenii no\u0219tri \u0219i-au asumat din start un angajament personal \u0219i profesional de a oferi clien\u021bilor \u0219i partenerilor companiei produse \u0219i servicii de calitate.<\/li>\n<li>Knowhow-ul \u0219i activitatea continu\u0103 de cercetare ne ajut\u0103 s\u0103 dezvolt\u0103m \u00een mod constant noi produse bazate pe inova\u021bie \u0219i s\u0103 oferim clien\u021bilor calitate de cel mai \u00eenalt nivel \u0219i solu\u021bii complete<\/li>\n<\/ul>\n<p><span style=\"text-decoration: underline;\">Factorul uman<\/span><\/p>\n<ul>\n<li>Suntem entuzia\u0219ti \u0219i pasiona\u021bi de ceea ce facem.<\/li>\n<li>\u00cen interiorul companiei regula este respectul reciproc \u0219i construirea rela\u021biilor pe baz\u0103 de respect, resposabilitate \u0219i integritate.<\/li>\n<li>Stimul\u0103m colaborarea \u00eentre to\u021bi membrii companiei \u0219i ne m\u00e2ndrim cu contribu\u021bii individuale semnificative, ce provin din diversitatea persoanelor \u0219i ideilor.<\/li>\n<li>Ne asum\u0103m resposabilitatea, ini\u021biativa \u0219i nu ne temem de luarea oric\u0103ror decizii.<\/li>\n<\/ul>\n<p><span style=\"text-decoration: underline;\">Excelen\u021b\u0103<\/span><\/p>\n<ul>\n<li>Facem diferen\u021ba prin transformarea ideilor \u00een realitate \u0219i prin faptul c\u0103 ac\u021bion\u0103m rapid, \u00eenaintea celorlal\u021bi competitori.<\/li>\n<li>Nu \u00eencet\u0103m niciodat\u0103 s\u0103 \u00eenv\u0103\u021b\u0103m. Ne str\u0103duim s\u0103 cultiv\u0103m \u00eenv\u0103\u021barea ca baz\u0103 a progresului, aplic\u00e2nd \u00eentotdeauna cuno\u0219tin\u021bele \u0219i experien\u021ba \u00een scopul oferirii clien\u021bilor de produse \u0219i servicii de cea mai bun\u0103 calitate.<\/li>\n<li>Avem o abordare pozitiv\u0103 a oric\u0103rei probleme cu care ne confrunt\u0103m \u0219i cultiv\u0103m deschiderea, creativitatea \u0219i lucrul \u00een echip\u0103.<\/li>\n<\/ul>\n","protected":false},"excerpt":{"rendered":"","protected":false},"author":1,"featured_media":0,"parent":0,"menu_order":115,"comment_status":"closed","ping_status":"closed","template":"","meta":[],"acf":[],"yoast_head":"<!-- This site is optimized with the Yoast SEO plugin v15.7 - https:\/\/yoast.com\/wordpress\/plugins\/seo\/ -->\n<title>Viziune \u0219i misiunea companiei | Thrakon<\/title>\n<meta name=\"robots\" content=\"index, follow, max-snippet:-1, max-image-preview:large, max-video-preview:-1\" \/>\n<link rel=\"canonical\" href=\"https:\/\/www.thrakon.gr\/ro\/viziune-si-misiunea-companiei\/\" \/>\n<meta property=\"og:locale\" content=\"ro_RO\" \/>\n<meta property=\"og:type\" content=\"article\" \/>\n<meta property=\"og:title\" content=\"Viziune \u0219i misiunea companiei | Thrakon\" \/>\n<meta property=\"og:url\" content=\"https:\/\/www.thrakon.gr\/ro\/viziune-si-misiunea-companiei\/\" \/>\n<meta property=\"og:site_name\" content=\"Thrakon\" \/>\n<meta property=\"article:publisher\" content=\"https:\/\/www.facebook.com\/Thrakon.Greece\/\" \/>\n<meta property=\"og:image\" content=\"http:\/\/www.thrakon.gr\/wp-content\/uploads\/2015\/11\/100_1364-e1447923377138-765x1024.jpg\" \/>\n<meta name=\"twitter:card\" content=\"summary_large_image\" \/>\n<meta name=\"twitter:site\" content=\"@THRAKON_Group\" \/>\n<meta name=\"twitter:label1\" content=\"Timp estimat pentru citire\">\n\t<meta name=\"twitter:data1\" content=\"1 minut\">\n<script type=\"application\/ld+json\" class=\"yoast-schema-graph\">{\"@context\":\"https:\/\/schema.org\",\"@graph\":[{\"@type\":\"WebSite\",\"@id\":\"https:\/\/www.thrakon.gr\/#website\",\"url\":\"https:\/\/www.thrakon.gr\/\",\"name\":\"Thrakon\",\"description\":\"Construim si culoare casa ta\",\"potentialAction\":[{\"@type\":\"SearchAction\",\"target\":\"https:\/\/www.thrakon.gr\/?s={search_term_string}\",\"query-input\":\"required name=search_term_string\"}],\"inLanguage\":\"ro-RO\"},{\"@type\":\"ImageObject\",\"@id\":\"https:\/\/www.thrakon.gr\/ro\/viziune-si-misiunea-companiei\/#primaryimage\",\"inLanguage\":\"ro-RO\",\"url\":\"http:\/\/www.thrakon.gr\/wp-content\/uploads\/2015\/11\/100_1364-e1447923377138-765x1024.jpg\"},{\"@type\":\"WebPage\",\"@id\":\"https:\/\/www.thrakon.gr\/ro\/viziune-si-misiunea-companiei\/#webpage\",\"url\":\"https:\/\/www.thrakon.gr\/ro\/viziune-si-misiunea-companiei\/\",\"name\":\"Viziune \\u0219i misiunea companiei | Thrakon\",\"isPartOf\":{\"@id\":\"https:\/\/www.thrakon.gr\/#website\"},\"primaryImageOfPage\":{\"@id\":\"https:\/\/www.thrakon.gr\/ro\/viziune-si-misiunea-companiei\/#primaryimage\"},\"datePublished\":\"2017-01-04T13:33:58+00:00\",\"dateModified\":\"2017-01-04T13:33:58+00:00\",\"inLanguage\":\"ro-RO\",\"potentialAction\":[{\"@type\":\"ReadAction\",\"target\":[\"https:\/\/www.thrakon.gr\/ro\/viziune-si-misiunea-companiei\/\"]}]}]}<\/script>\n<!-- \/ Yoast SEO plugin. -->","_links":{"self":[{"href":"https:\/\/www.thrakon.gr\/ro\/wp-json\/wp\/v2\/pages\/24327"}],"collection":[{"href":"https:\/\/www.thrakon.gr\/ro\/wp-json\/wp\/v2\/pages"}],"about":[{"href":"https:\/\/www.thrakon.gr\/ro\/wp-json\/wp\/v2\/types\/page"}],"author":[{"embeddable":true,"href":"https:\/\/www.thrakon.gr\/ro\/wp-json\/wp\/v2\/users\/1"}],"replies":[{"embeddable":true,"href":"https:\/\/www.thrakon.gr\/ro\/wp-json\/wp\/v2\/comments?post=24327"}],"version-history":[{"count":1,"href":"https:\/\/www.thrakon.gr\/ro\/wp-json\/wp\/v2\/pages\/24327\/revisions"}],"predecessor-version":[{"id":24328,"href":"https:\/\/www.thrakon.gr\/ro\/wp-json\/wp\/v2\/pages\/24327\/revisions\/24328"}],"wp:attachment":[{"href":"https:\/\/www.thrakon.gr\/ro\/wp-json\/wp\/v2\/media?parent=24327"}],"curies":[{"name":"wp","href":"https:\/\/api.w.org\/{rel}","templated":true}]}}